{"id":15282,"date":"2014-06-03T07:58:17","date_gmt":"2014-06-03T07:58:17","guid":{"rendered":"http:\/\/demo.qodeinteractive.com\/bridge11\/?page_id=15282"},"modified":"2019-06-11T15:35:02","modified_gmt":"2019-06-11T15:35:02","slug":"servicios","status":"publish","type":"page","link":"https:\/\/www.quantit.com\/?page_id=15282","title":{"rendered":"Servicios"},"content":{"rendered":"[vc_row css_animation=&#8221;&#8221; row_type=&#8221;row&#8221; use_row_as_full_screen_section=&#8221;no&#8221; type=&#8221;full_width&#8221; angled_section=&#8221;no&#8221; text_align=&#8221;left&#8221; background_image_as_pattern=&#8221;without_pattern&#8221;][vc_column][vc_raw_html]JTNDYSUyMG5hbWUlM0QlMjJ2YWx1YWNpb25pbmRlcGVuZGllbnRlJTIyJTNFJTNDJTJGYSUzRQ==[\/vc_raw_html][\/vc_column][\/vc_row][vc_row css_animation=&#8221;&#8221; row_type=&#8221;row&#8221; use_row_as_full_screen_section=&#8221;no&#8221; type=&#8221;grid&#8221; angled_section=&#8221;no&#8221; text_align=&#8221;left&#8221; background_image_as_pattern=&#8221;without_pattern&#8221; background_color=&#8221;#f8f8f8&#8243; padding_top=&#8221;109&#8243; padding_bottom=&#8221;110&#8243;][vc_column width=&#8221;1\/2&#8243;][vc_empty_space height=&#8221;50px&#8221;][vc_single_image image=&#8221;16174&#8243; img_size=&#8221;full&#8221; alignment=&#8221;center&#8221; qode_css_animation=&#8221;element_from_left&#8221; transition_delay=&#8221;0.3&#8243;][\/vc_column][vc_column width=&#8221;1\/2&#8243;][vc_separator type=&#8221;transparent&#8221; up=&#8221;37&#8243; down=&#8221;0&#8243;]<div class=\"custom_font_holder\" style=\"font-family: Montserrat; font-size: 30px; line-height: 36px; font-style: normal; font-weight: 700; color: #0a0a0a; text-decoration: none; letter-spacing: 1px; text-align: center;\">VALUACI\u00d3N INDEPENDIENTE<\/div>[vc_separator type=&#8221;small&#8221; position=&#8221;center&#8221; color=&#8221;#dadada&#8221; transparency=&#8221;1&#8243; width=&#8221;65&#8243; up=&#8221;19&#8243; down=&#8221;21&#8243;][vc_column_text]\n<p style=\"text-align: justify;\"><strong>\u200b\u200bCreando un Valor Razonable, transparente e imparcial<\/strong><\/p>\n<p style=\"text-align: justify;\">Los Fondos de Capital Privado, Empresas o Proyectos en general requieren valuaciones independientes por razones regulatorias, mejores pr\u00e1cticas o toma de decisiones. En estos momentos sabemos lo cr\u00edticos que pueden ser los valores obtenidos.<\/p>\n<p style=\"text-align: justify;\">Es por eso que en Quantit, bajo los est\u00e1ndares m\u00e1s altos y las\u00a0principales\u00a0normas internacionales de valuaci\u00f3n como ILPA, GIPS e IPEB, trabajamos con nuestros clientes para dar un valor razonable, transparente e imparcial, fundamentado para los inversionistas o socios estrat\u00e9gicos y as\u00ed tomar una adecuada toma de decisiones.<\/p>\n[\/vc_column_text][\/vc_column][\/vc_row][vc_row css_animation=&#8221;&#8221; row_type=&#8221;row&#8221; use_row_as_full_screen_section=&#8221;no&#8221; type=&#8221;full_width&#8221; angled_section=&#8221;no&#8221; text_align=&#8221;left&#8221; background_image_as_pattern=&#8221;without_pattern&#8221;][vc_column][vc_raw_html]JTNDYSUyMG5hbWUlM0QlMjJjb25zdWx0b3JpYXlhZiUyMiUzRSUzQyUyRmElM0U=[\/vc_raw_html][\/vc_column][\/vc_row][vc_row css_animation=&#8221;&#8221; row_type=&#8221;row&#8221; use_row_as_full_screen_section=&#8221;no&#8221; type=&#8221;grid&#8221; angled_section=&#8221;no&#8221; text_align=&#8221;left&#8221; background_image_as_pattern=&#8221;without_pattern&#8221; background_color=&#8221;#ffffff&#8221; padding_top=&#8221;109&#8243; padding_bottom=&#8221;110&#8243;][vc_column width=&#8221;1\/2&#8243;][vc_separator type=&#8221;transparent&#8221; up=&#8221;37&#8243; down=&#8221;0&#8243;]<div class=\"custom_font_holder\" style=\"font-family: Montserrat; font-size: 30px; line-height: 36px; font-style: normal; font-weight: 700; color: #ffffff; text-decoration: none; letter-spacing: 1px; text-align: center;\"><span style=\"color: #000000;\">CONSULTOR\u00cdA Y AN\u00c1LISIS FINANCIERO<\/span><\/div>[vc_separator type=&#8221;small&#8221; position=&#8221;center&#8221; color=&#8221;#dadada&#8221; transparency=&#8221;1&#8243; width=&#8221;65&#8243; up=&#8221;19&#8243; down=&#8221;21&#8243;][vc_column_text]\n<p style=\"font-weight: 400; text-align: left;\"><strong>Proveemos estrategias financieras en la toma de decisiones<\/strong><\/p>\n<p style=\"font-weight: 400; text-align: justify;\">Nuestros servicios de consultor\u00eda est\u00e1n enfocados en el asesoramiento profesional, teniendo como objetivo fundamental apoyar al cliente en el an\u00e1lisis, evaluaci\u00f3n e implementaci\u00f3n de nuevos proyectos, mediante estrategias financieras optimizando sus modelos de negocios.<\/p>\n[\/vc_column_text][vc_separator type=&#8221;transparent&#8221; up=&#8221;37&#8243; down=&#8221;0&#8243;][\/vc_column][vc_column width=&#8221;1\/2&#8243;][vc_single_image image=&#8221;15483&#8243; img_size=&#8221;full&#8221; alignment=&#8221;center&#8221; qode_css_animation=&#8221;element_from_left&#8221; transition_delay=&#8221;0.3&#8243;][\/vc_column][\/vc_row][vc_row css_animation=&#8221;&#8221; row_type=&#8221;row&#8221; use_row_as_full_screen_section=&#8221;no&#8221; type=&#8221;full_width&#8221; angled_section=&#8221;no&#8221; text_align=&#8221;left&#8221; background_image_as_pattern=&#8221;without_pattern&#8221;][vc_column][vc_raw_html]JTNDYSUyMG5hbWUlM0QlMjJhZG1pbnJpZXNnb3MlMjIlM0UlM0MlMkZhJTNF[\/vc_raw_html][\/vc_column][\/vc_row][vc_row css_animation=&#8221;&#8221; row_type=&#8221;row&#8221; use_row_as_full_screen_section=&#8221;no&#8221; type=&#8221;grid&#8221; angled_section=&#8221;no&#8221; text_align=&#8221;left&#8221; background_image_as_pattern=&#8221;without_pattern&#8221; background_color=&#8221;#f8f8f8&#8243; padding_top=&#8221;109&#8243; padding_bottom=&#8221;110&#8243;][vc_column width=&#8221;1\/2&#8243;][vc_empty_space height=&#8221;50px&#8221;][vc_single_image image=&#8221;16136&#8243; img_size=&#8221;full&#8221; alignment=&#8221;center&#8221; qode_css_animation=&#8221;element_from_left&#8221; transition_delay=&#8221;0.3&#8243;][\/vc_column][vc_column width=&#8221;1\/2&#8243;][vc_separator type=&#8221;transparent&#8221; up=&#8221;37&#8243; down=&#8221;0&#8243;]<div class=\"custom_font_holder\" style=\"font-family: Montserrat; font-size: 30px; line-height: 36px; font-style: normal; font-weight: 700; color: #0a0a0a; text-decoration: none; letter-spacing: 1px; text-align: center;\">ADMINISTRACI\u00d3N DE RIESGOS<\/div>[vc_separator type=&#8221;small&#8221; position=&#8221;center&#8221; color=&#8221;#dadada&#8221; transparency=&#8221;1&#8243; width=&#8221;65&#8243; up=&#8221;19&#8243; down=&#8221;21&#8243;][vc_column_text]\n<p style=\"text-align: justify;\"><strong><span style=\"font-family: corbel;\">Identificado, evaluando y midiendo riesgos<\/span><\/strong><\/p>\n<p style=\"font-weight: 400; text-align: justify;\"><span style=\"font-family: corbel;\">En el entorno globalizado actual es necesario tomar conciencia de la administraci\u00f3n de riesgos financieros, debido a los posibles impactos en los portafolios de las instituciones financieras o de los inversionistas en general.<\/span><\/p>\n<p style=\"text-align: justify;\"><span style=\"font-family: corbel;\">Es por eso que en Quantit brindamos asesor\u00eda en el cumplimiento de la regulaci\u00f3n y los requerimientos vigentes para instituciones como Afores, sociedades de inversi\u00f3n, bancos, aseguradoras y Asset Managers. Proporcionando asistencia, an\u00e1lisis y medici\u00f3n de Riesgo de Mercado, crediticio, de liquidez y de Contraparte, con la aplicaci\u00f3n de m\u00e9tricas y herramientas sofisticadas.<\/span><\/p>\n<p style=\"text-align: justify;\"><span style=\"font-family: corbel;\">Algunos de nuestros servicios son:<\/span><\/p>\n<ul>\n<li style=\"text-align: justify;\"><span style=\"font-family: corbel;\">Valor en Riesgo bajo tres tipos de simulaciones: hist\u00f3rica, param\u00e9trica y Montecarlo<\/span><\/li>\n<li style=\"text-align: justify;\"><span style=\"font-family: corbel;\">An\u00e1lisis de viabilidad de carteras, sensibilidad y rendimientos de mercado<\/span><\/li>\n<\/ul>\n[\/vc_column_text][\/vc_column][\/vc_row]\n","protected":false},"excerpt":{"rendered":"<p>[vc_row css_animation=&#8221;&#8221; row_type=&#8221;row&#8221; use_row_as_full_screen_section=&#8221;no&#8221; type=&#8221;full_width&#8221; angled_section=&#8221;no&#8221; text_align=&#8221;left&#8221; background_image_as_pattern=&#8221;without_pattern&#8221;][vc_column][vc_raw_html]JTNDYSUyMG5hbWUlM0QlMjJ2YWx1YWNpb25pbmRlcGVuZGllbnRlJTIyJTNFJTNDJTJGYSUzRQ==[\/vc_raw_html][\/vc_column][\/vc_row][vc_row css_animation=&#8221;&#8221; row_type=&#8221;row&#8221; use_row_as_full_screen_section=&#8221;no&#8221; type=&#8221;grid&#8221; angled_section=&#8221;no&#8221; text_align=&#8221;left&#8221; background_image_as_pattern=&#8221;without_pattern&#8221; background_color=&#8221;#f8f8f8&#8243; padding_top=&#8221;109&#8243; padding_bottom=&#8221;110&#8243;][vc_column width=&#8221;1\/2&#8243;][vc_empty_space height=&#8221;50px&#8221;][vc_single_image image=&#8221;16174&#8243; img_size=&#8221;full&#8221; alignment=&#8221;center&#8221; qode_css_animation=&#8221;element_from_left&#8221; transition_delay=&#8221;0.3&#8243;][\/vc_column][vc_column width=&#8221;1\/2&#8243;][vc_separator type=&#8221;transparent&#8221; up=&#8221;37&#8243; down=&#8221;0&#8243;][vc_separator type=&#8221;small&#8221; position=&#8221;center&#8221; color=&#8221;#dadada&#8221; transparency=&#8221;1&#8243; width=&#8221;65&#8243; up=&#8221;19&#8243; down=&#8221;21&#8243;][vc_column_text] \u200b\u200bCreando un Valor Razonable, transparente e imparcial Los Fondos&#8230;<\/p>\n","protected":false},"author":1,"featured_media":0,"parent":0,"menu_order":0,"comment_status":"open","ping_status":"open","template":"full_width.php","meta":{"footnotes":""},"_links":{"self":[{"href":"https:\/\/www.quantit.com\/index.php?rest_route=\/wp\/v2\/pages\/15282"}],"collection":[{"href":"https:\/\/www.quantit.com\/index.php?rest_route=\/wp\/v2\/pages"}],"about":[{"href":"https:\/\/www.quantit.com\/index.php?rest_route=\/wp\/v2\/types\/page"}],"author":[{"embeddable":true,"href":"https:\/\/www.quantit.com\/index.php?rest_route=\/wp\/v2\/users\/1"}],"replies":[{"embeddable":true,"href":"https:\/\/www.quantit.com\/index.php?rest_route=%2Fwp%2Fv2%2Fcomments&post=15282"}],"version-history":[{"count":31,"href":"https:\/\/www.quantit.com\/index.php?rest_route=\/wp\/v2\/pages\/15282\/revisions"}],"predecessor-version":[{"id":17360,"href":"https:\/\/www.quantit.com\/index.php?rest_route=\/wp\/v2\/pages\/15282\/revisions\/17360"}],"wp:attachment":[{"href":"https:\/\/www.quantit.com\/index.php?rest_route=%2Fwp%2Fv2%2Fmedia&parent=15282"}],"curies":[{"name":"wp","href":"https:\/\/api.w.org\/{rel}","templated":true}]}}